{"id":96,"date":"2018-09-08T13:59:22","date_gmt":"2018-09-08T13:59:22","guid":{"rendered":"https:\/\/swissyarnfestival.ch\/?page_id=96"},"modified":"2024-01-11T14:59:08","modified_gmt":"2024-01-11T14:59:08","slug":"unterkuenfte","status":"publish","type":"page","link":"https:\/\/swissyarnfestival.ch\/?page_id=96","title":{"rendered":"Unterk\u00fcnfte"},"content":{"rendered":"\n<style type=\"text\/css\" data-created_by=\"avia_inline_auto\" id=\"style-css-av-x1kw-8e2f49869d8e3559c9479e2e893d41f5\">\n#top .av-special-heading.av-x1kw-8e2f49869d8e3559c9479e2e893d41f5{\npadding-bottom:10px;\n}\nbody .av-special-heading.av-x1kw-8e2f49869d8e3559c9479e2e893d41f5 .av-special-heading-tag .heading-char{\nfont-size:25px;\n}\n.av-special-heading.av-x1kw-8e2f49869d8e3559c9479e2e893d41f5 .av-subheading{\nfont-size:15px;\n}\n<\/style>\n<div  class='av-special-heading av-x1kw-8e2f49869d8e3559c9479e2e893d41f5 av-special-heading-h5  avia-builder-el-0  el_before_av_textblock  avia-builder-el-first '><h5 class='av-special-heading-tag '  itemprop=\"headline\"  >Unterk\u00fcnfte in der N\u00e4he der Festival Lokalit\u00e4t<\/h5><div class=\"special-heading-border\"><div class=\"special-heading-inner-border\"><\/div><\/div><\/div>\n<section  class='av_textblock_section av-k2aj0m9k-396d3d3d3787f1cf03747ac47cbbec4b '   itemscope=\"itemscope\" itemtype=\"https:\/\/schema.org\/CreativeWork\" ><div class='avia_textblock'  itemprop=\"text\" ><p>Ein kleiner Tipp: Wenn ihr im Hotel Riverside oder Sleep &amp; Stay ein Zimmer bucht, gebt das Kennwort <strong>&#8220;Swiss Yarn Festival&#8221;<\/strong> an und ihr erhaltet einen kleinen Rabatt!<\/p>\n<\/div><\/section>\n\n<style type=\"text\/css\" data-created_by=\"avia_inline_auto\" id=\"style-css-av-jmtjllsc-1d29a08836124a9e6d7921c65a1b1ba5\">\n#top .hr.hr-invisible.av-jmtjllsc-1d29a08836124a9e6d7921c65a1b1ba5{\nheight:20px;\n}\n<\/style>\n<div  class='hr av-jmtjllsc-1d29a08836124a9e6d7921c65a1b1ba5 hr-invisible  avia-builder-el-2  el_after_av_textblock  el_before_av_masonry_gallery  avia-builder-el-last '><span class='hr-inner '><span class=\"hr-inner-style\"><\/span><\/span><\/div>\n<div id='av-masonry-1' class='av-masonry av-jm2kjgs3-bd020966cdfefb1c6985c4cddccb9c61 noHover av-fixed-size av-no-gap av-hover-overlay-active av-masonry-animation-active av-masonry-col-3 av-caption-always av-caption-style- av-masonry-gallery ' data-post_id=\"96\"><div class=\"av-masonry-container isotope av-js-disabled\"><div class='av-masonry-entry isotope-item av-masonry-item-no-image '><\/div><a href=\"https:\/\/www.riverside.ch\/de\/hotel\/\"  aria-label=\"Bild Riverside\"  id='av-masonry-1-item-611' data-av-masonry-item='611' class='av-masonry-entry isotope-item post-611 attachment type-attachment status-inherit hentry  av-masonry-item-with-image' title=\"Riverside\" alt=\"\"  data-av-masonry-custom-link=\"https:\/\/www.riverside.ch\/de\/hotel\/\"  itemprop=\"thumbnailUrl\" ><div class='av-inner-masonry-sizer'><\/div><figure class='av-inner-masonry main_color'><div class=\"av-masonry-outerimage-container\"><div class='av-masonry-image-container' style=\"background-image: url(https:\/\/swissyarnfestival.ch\/wp-content\/uploads\/2018\/09\/RIverside.jpg);\"  title=\"Riverside\" ><\/div><\/div><figcaption class='av-inner-masonry-content site-background'><div class='av-inner-masonry-content-pos'><div class='av-inner-masonry-content-pos-content'><div class='avia-arrow'><\/div><h3 class='av-masonry-entry-title entry-title '  itemprop=\"headline\" >Riverside<\/h3><\/div><\/div><\/figcaption><\/figure><\/a><!--end av-masonry entry--><a href=\"http:\/\/www.loewen-glattfelden.ch\/hotel.html\"  aria-label=\"Bild L\u00f6wen Glattfelden\"  id='av-masonry-1-item-610' data-av-masonry-item='610' class='av-masonry-entry isotope-item post-610 attachment type-attachment status-inherit hentry  av-masonry-item-with-image' title=\"L\u00f6wen Glattfelden\" alt=\"\"  data-av-masonry-custom-link=\"http:\/\/www.loewen-glattfelden.ch\/hotel.html\"  itemprop=\"thumbnailUrl\" ><div class='av-inner-masonry-sizer'><\/div><figure class='av-inner-masonry main_color'><div class=\"av-masonry-outerimage-container\"><div class='av-masonry-image-container' style=\"background-image: url(https:\/\/swissyarnfestival.ch\/wp-content\/uploads\/2018\/09\/L\u00f6wen-glattfelden-705x257.jpg);\"  title=\"L\u00f6wen Glattfelden\" ><\/div><\/div><figcaption class='av-inner-masonry-content site-background'><div class='av-inner-masonry-content-pos'><div class='av-inner-masonry-content-pos-content'><div class='avia-arrow'><\/div><h3 class='av-masonry-entry-title entry-title '  itemprop=\"headline\" >L\u00f6wen Glattfelden<\/h3><\/div><\/div><\/figcaption><\/figure><\/a><!--end av-masonry entry--><a href=\"https:\/\/www.sleepnstay.ch\/\"  aria-label=\"Bild Hotel Sleep &#038; Stay\"  id='av-masonry-1-item-9619' data-av-masonry-item='9619' class='av-masonry-entry isotope-item post-9619 attachment type-attachment status-inherit hentry  av-masonry-item-with-image' title=\"Hotel Sleep &#038; Stay\" alt=\"\"  data-av-masonry-custom-link=\"https:\/\/www.sleepnstay.ch\/\"  itemprop=\"thumbnailUrl\" ><div class='av-inner-masonry-sizer'><\/div><figure class='av-inner-masonry main_color'><div class=\"av-masonry-outerimage-container\"><div class='av-masonry-image-container' style=\"background-image: url(https:\/\/swissyarnfestival.ch\/wp-content\/uploads\/2022\/09\/SleepnStay-705x464.png);\"  title=\"Hotel Sleep &#038; Stay\" ><\/div><\/div><figcaption class='av-inner-masonry-content site-background'><div class='av-inner-masonry-content-pos'><div class='av-inner-masonry-content-pos-content'><div class='avia-arrow'><\/div><h3 class='av-masonry-entry-title entry-title '  itemprop=\"headline\" >Hotel Sleep &#038; Stay<\/h3><\/div><\/div><\/figcaption><\/figure><\/a><!--end av-masonry entry--><a href=\"http:\/\/www.hotel-kreuz-kaiserstuhl.ch\/\"  aria-label=\"Bild Hotel Kreuz Kaiserstuhl\"  id='av-masonry-1-item-609' data-av-masonry-item='609' class='av-masonry-entry isotope-item post-609 attachment type-attachment status-inherit hentry  av-masonry-item-with-image' title=\"Hotel Kreuz Kaiserstuhl\" alt=\"\"  data-av-masonry-custom-link=\"http:\/\/www.hotel-kreuz-kaiserstuhl.ch\/\"  itemprop=\"thumbnailUrl\" ><div class='av-inner-masonry-sizer'><\/div><figure class='av-inner-masonry main_color'><div class=\"av-masonry-outerimage-container\"><div class='av-masonry-image-container' style=\"background-image: url(https:\/\/swissyarnfestival.ch\/wp-content\/uploads\/2018\/09\/HotelKreuz_Front_Web-705x471.jpg);\"  title=\"Hotel Kreuz Kaiserstuhl\" ><\/div><\/div><figcaption class='av-inner-masonry-content site-background'><div class='av-inner-masonry-content-pos'><div class='av-inner-masonry-content-pos-content'><div class='avia-arrow'><\/div><h3 class='av-masonry-entry-title entry-title '  itemprop=\"headline\" >Hotel Kreuz Kaiserstuhl<\/h3><\/div><\/div><\/figcaption><\/figure><\/a><!--end av-masonry entry--><a href=\"https:\/\/www.zum-goldenen-kopf.ch\/\"  aria-label=\"Bild Hotel Goldener Kopf\"  id='av-masonry-1-item-608' data-av-masonry-item='608' class='av-masonry-entry isotope-item post-608 attachment type-attachment status-inherit hentry  av-masonry-item-with-image' title=\"Hotel Goldener Kopf\" alt=\"\"  data-av-masonry-custom-link=\"https:\/\/www.zum-goldenen-kopf.ch\/\"  itemprop=\"thumbnailUrl\" ><div class='av-inner-masonry-sizer'><\/div><figure class='av-inner-masonry main_color'><div class=\"av-masonry-outerimage-container\"><div class='av-masonry-image-container' style=\"background-image: url(https:\/\/swissyarnfestival.ch\/wp-content\/uploads\/2018\/09\/goldener-kopf-705x661.jpg);\"  title=\"Hotel Goldener Kopf\" ><\/div><\/div><figcaption class='av-inner-masonry-content site-background'><div class='av-inner-masonry-content-pos'><div class='av-inner-masonry-content-pos-content'><div class='avia-arrow'><\/div><h3 class='av-masonry-entry-title entry-title '  itemprop=\"headline\" >Hotel Goldener Kopf<\/h3><\/div><\/div><\/figcaption><\/figure><\/a><!--end av-masonry entry--><a href=\"https:\/\/www.airbnb.ch\/s\/Glattfelden\/homes?adults=1&amp;children=0&amp;infants=0&amp;query=Glattfelden&amp;place_id=ChIJYwD9IC1xkEcRhc-y6WYkMCo&amp;refinement_paths%5B%5D=%2Fhomes&amp;allow_override%5B%5D=&amp;s_tag=jb1Jiwd0\"  aria-label=\"Bild Airbnb\"  id='av-masonry-1-item-607' data-av-masonry-item='607' class='av-masonry-entry isotope-item post-607 attachment type-attachment status-inherit hentry  av-masonry-item-with-image' title=\"Airbnb\" alt=\"\"  data-av-masonry-custom-link=\"https:\/\/www.airbnb.ch\/s\/Glattfelden\/homes?adults=1&#038;children=0&#038;infants=0&#038;query=Glattfelden&#038;place_id=ChIJYwD9IC1xkEcRhc-y6WYkMCo&#038;refinement_paths%5B%5D=%2Fhomes&#038;allow_override%5B%5D=&#038;s_tag=jb1Jiwd0\"  itemprop=\"thumbnailUrl\" ><div class='av-inner-masonry-sizer'><\/div><figure class='av-inner-masonry main_color'><div class=\"av-masonry-outerimage-container\"><div class='av-masonry-image-container' style=\"background-image: url(https:\/\/swissyarnfestival.ch\/wp-content\/uploads\/2018\/09\/airbnb-705x366.jpg);\"  title=\"Airbnb\" ><\/div><\/div><figcaption class='av-inner-masonry-content site-background'><div class='av-inner-masonry-content-pos'><div class='av-inner-masonry-content-pos-content'><div class='avia-arrow'><\/div><h3 class='av-masonry-entry-title entry-title '  itemprop=\"headline\" >Airbnb<\/h3><\/div><\/div><\/figcaption><\/figure><\/a><!--end av-masonry entry--><\/div><\/div>\n","protected":false},"excerpt":{"rendered":"","protected":false},"author":1,"featured_media":0,"parent":0,"menu_order":0,"comment_status":"closed","ping_status":"closed","template":"","meta":{"_eb_attr":"","footnotes":""},"class_list":["post-96","page","type-page","status-publish","hentry"],"ams_acf":[],"_links":{"self":[{"href":"https:\/\/swissyarnfestival.ch\/index.php?rest_route=\/wp\/v2\/pages\/96","targetHints":{"allow":["GET"]}}],"collection":[{"href":"https:\/\/swissyarnfestival.ch\/index.php?rest_route=\/wp\/v2\/pages"}],"about":[{"href":"https:\/\/swissyarnfestival.ch\/index.php?rest_route=\/wp\/v2\/types\/page"}],"author":[{"embeddable":true,"href":"https:\/\/swissyarnfestival.ch\/index.php?rest_route=\/wp\/v2\/users\/1"}],"replies":[{"embeddable":true,"href":"https:\/\/swissyarnfestival.ch\/index.php?rest_route=%2Fwp%2Fv2%2Fcomments&post=96"}],"version-history":[{"count":19,"href":"https:\/\/swissyarnfestival.ch\/index.php?rest_route=\/wp\/v2\/pages\/96\/revisions"}],"predecessor-version":[{"id":16254,"href":"https:\/\/swissyarnfestival.ch\/index.php?rest_route=\/wp\/v2\/pages\/96\/revisions\/16254"}],"wp:attachment":[{"href":"https:\/\/swissyarnfestival.ch\/index.php?rest_route=%2Fwp%2Fv2%2Fmedia&parent=96"}],"curies":[{"name":"wp","href":"https:\/\/api.w.org\/{rel}","templated":true}]}}