{"id":14734,"date":"2023-08-11T09:53:41","date_gmt":"2023-08-11T09:53:41","guid":{"rendered":"https:\/\/swissyarnfestival.ch\/?page_id=14734"},"modified":"2023-08-11T09:53:41","modified_gmt":"2023-08-11T09:53:41","slug":"agbs-2","status":"publish","type":"page","link":"https:\/\/swissyarnfestival.ch\/?page_id=14734","title":{"rendered":"AGBs"},"content":{"rendered":"\n<style type=\"text\/css\" data-created_by=\"avia_inline_auto\" id=\"style-css-av-ll6esktg-2b270e8f857ff2186d712e3d0ae9796f\">\n#top .av-special-heading.av-ll6esktg-2b270e8f857ff2186d712e3d0ae9796f{\npadding-bottom:10px;\n}\nbody .av-special-heading.av-ll6esktg-2b270e8f857ff2186d712e3d0ae9796f .av-special-heading-tag .heading-char{\nfont-size:25px;\n}\n.av-special-heading.av-ll6esktg-2b270e8f857ff2186d712e3d0ae9796f .av-subheading{\nfont-size:15px;\n}\n<\/style>\n<div  class='av-special-heading av-ll6esktg-2b270e8f857ff2186d712e3d0ae9796f av-special-heading-h4  avia-builder-el-0  el_before_av_textblock  avia-builder-el-first '><h4 class='av-special-heading-tag '  itemprop=\"headline\"  >Allgemeine Gesch\u00e4ftsbedingungen der Swiss Yarn Festival GmbH<\/h4><div class=\"special-heading-border\"><div class=\"special-heading-inner-border\"><\/div><\/div><\/div>\n<section  class='av_textblock_section av-ll6eunb6-a85fb0f511ddae0be997a616338c80ac '   itemscope=\"itemscope\" itemtype=\"https:\/\/schema.org\/CreativeWork\" ><div class='avia_textblock'  itemprop=\"text\" ><p><strong> 1. Geltungsbereich<\/strong><\/p>\n<p>Diese Allgemeinen Gesch\u00e4ftsbedingungen (&#8220;AGB&#8221;) gelten f\u00fcr den gesamten Gesch\u00e4ftsbereich der Swiss Yarn Festival GmbH (nachfolgend &#8220;Firma&#8221;).<\/p>\n<p><strong> 2. Vertragsabschluss<\/strong><\/p>\n<p>Der Vertragsabschluss kommt durch die Akzeptanz der Offerte der Firma betreffend den Bezug von Produkten und \/ oder Dienstleistungen durch den Kunden zustande.<\/p>\n<p>Der Vertrag kommt auf jeden Fall zustande, wenn der Kunde die von der Firma angebotenen Dienstleistungen in Anspruch nimmt und \/ oder Produkte \u00fcber den Onlineshop der Firma bestellt oder direkt kauft.<\/p>\n<p><strong> 3. Preise<\/strong><\/p>\n<p>Vorbehaltlich anderweitiger Offerten verstehen sich alle Preise in Schweizer Franken (CHF). Alle Preise verstehen sich inklusive allf\u00e4llig anwendbarer Mehrwertsteuer (MWST).<\/p>\n<p>Die Preise verstehen sich des Weiteren exklusive weiterer allf\u00e4llig anwendbarer Steuern sowie exklusive Verpackungs- und Versandkosten.<\/p>\n<p>Die Firma beh\u00e4lt sich vor, die Preise jederzeit zu \u00e4ndern. Es gelten die zum Zeitpunkt des Vertragsabschlusses g\u00fcltigen Preise auf der Website der Firma und gem\u00e4ss Preisliste der Firma.<\/p>\n<p><strong> 4. Bezahlung<\/strong><\/p>\n<p>Die Firma bietet dem Kunden folgende Zahlungsm\u00f6glichkeiten: Rechnung, PayPal.<\/p>\n<p>Der Kunde ist verpflichtet den in Rechnung gestellten Betrag innert 15 (f\u00fcnfzehn) Tagen ab Rechnungsdatum zu bezahlen.<\/p>\n<p>Wird die Rechnung nicht binnen vorgenannter Zahlungsfrist beglichen, wird der Kunde abgemahnt. Begleicht der Kunde die Rechnung nicht binnen der angesetzten Mahnfrist, f\u00e4llt er automatisch in Verzug.<\/p>\n<p>Ab Zeitpunkt des Verzuges schuldet der Kunde Verzugszinsen in der H\u00f6he von 5% (f\u00fcnf Prozent).<\/p>\n<p>Die Firma beh\u00e4lt sich vor, jederzeit ohne Angabe von Gr\u00fcnden Vorauskasse zu verlangen.<\/p>\n<p>Verrechnung des in Rechnung gestellten Betrages mit einer allf\u00e4lligen Forderung des Kunden gegen die Firma ist nicht zul\u00e4ssig.<\/p>\n<p>Der Firma steht das Recht zu, bei Zahlungsverzug die Lieferung oder Dienstleistungserbringung zu verweigern.<\/p>\n<p><strong> 5. Pflichten der Firma<\/strong><\/p>\n<p>5.1. Lieferung \/ Liefertermine<\/p>\n<p>Die Lieferung erfolgt binnen 5 (f\u00fcnf) Arbeitstagen nach Bestellungseingang. Ist eine fristgerechte Lieferung nicht m\u00f6glich, wird der Kunde von der Firma binnen 5 (f\u00fcnf) Arbeitstagen nach Bestellungseingang informiert und das neue Lieferdatum wird kommuniziert.<\/p>\n<p>Vorbehaltlich anderslautender Vereinbarung, wird als Erf\u00fcllungsort der Sitz der Firma vereinbart. Die Firma erf\u00fcllt durch die \u00dcbergabe der bestellten Produkte an den vereinbarten Spediteur. Wird kein Spediteur vereinbart, steht es der Firma frei, einen Spediteur zu w\u00e4hlen. Die vereinbarten Lieferkosten d\u00fcrfen durch die Wahl des Spediteurs nicht erh\u00f6ht werden.<\/p>\n<p>5.2. Dienstleistungserbringung<\/p>\n<p>Vorbehaltlich anderslautender Vereinbarung, erf\u00fcllt die Firma ihre Verpflichtung durch Erbringung der vereinbarten Dienstleistung. Werden keine weiteren Bestimmungen vereinbart gilt als Erf\u00fcllungsort der Sitz der Firma.<\/p>\n<p>5.3. Hilfspersonen<\/p>\n<p>Die Parteien haben das ausdr\u00fcckliche Recht, zur Erledigung ihrer vertragsgem\u00e4ssen Pflichten Hilfspersonen beizuziehen. Sie haben sicherzustellen, dass der Beizug der Hilfsperson unter Einhaltung aller zwingenden gesetzlichen Bestimmungen und allf\u00e4lliger Gesamtarbeitsvertr\u00e4ge erfolgt.<\/p>\n<p><strong> 6. Pflichten des Kunden<\/strong><\/p>\n<p>Der Kunde ist verpflichtet, s\u00e4mtliche Vorkehrungen, welche zur Erbringung der Dienstleistung durch die Firma erforderlich sind, umgehend vorzunehmen. Der Kunde hat die Vorkehrungen am vereinbarten Ort zur vereinbarten Zeit und im vereinbarten Mass vorzunehmen. Je nach Umst\u00e4nden geh\u00f6rt dazu das Erbringen geeigneter Informationen und Unterlagen f\u00fcr die Firma.<\/p>\n<p><strong> 7. Umtausch<\/strong><\/p>\n<p>Ein Umtausch von Produkten wird grunds\u00e4tzlich ausgeschlossen.<\/p>\n<p><strong> 8. Gew\u00e4hrleistung<\/strong><\/p>\n<p>Es gelten die gesetzlichen Gew\u00e4hrleistungsbestimmungen.<\/p>\n<p>Die Firma gew\u00e4hrleistet das Obengenannte f\u00fcr eine Dauer von maximal 24 (vierundzwanzig) Monaten.<\/p>\n<p>Ein allf\u00e4lliger Mangel ist der Firma umgehend anzuzeigen. Es steht der Firma zu, zu entscheiden, ob das mangelhafte Produkt repariert oder ersetzt wird. Nur wenn ein Ersatz oder eine Reparatur nicht m\u00f6glich ist, hat der Kunde Anspruch auf eine Minderung oder R\u00fcckerstattung des Kaufpreises. Der Anspruch auf Kostenr\u00fcckerstattung bei Fremdreparaturen wird ausgeschlossen. W\u00e4hrend der Zeit der Reparatur hat der Kunde keinen Anspruch auf ein Ersatzprodukt. Die Gew\u00e4hrleistung beginnt f\u00fcr das reparierte Element neu zu laufen, f\u00fcr die restlichen Elemente des Produkts l\u00e4uft die urspr\u00fcngliche Gew\u00e4hrleistungsfrist weiter.<\/p>\n<p>Die Firma gew\u00e4hrleistet die vereinbarten Dienstleistungen in branchen\u00fcblicher Qualit\u00e4t auszuf\u00fchren.<\/p>\n<p><strong> 9. Haftung<\/strong><\/p>\n<p>Die Haftung f\u00fcr jegliche indirekte Sch\u00e4den und Mangelfolgesch\u00e4den wird vollumf\u00e4nglich ausgeschlossen.<\/p>\n<p>Die Haftung f\u00fcr direkte Sch\u00e4den wird auf den Verkaufspreis des Produktes \/ der Dienstleistung beschr\u00e4nkt. Diese Haftungsbeschr\u00e4nkung gilt nicht f\u00fcr direkte Sch\u00e4den, verursacht durch Grobfahrl\u00e4ssigkeit oder Absicht.<\/p>\n<p>Der Kunde ist verpflichtet, allf\u00e4llige Sch\u00e4den der Firma umgehend zu melden.<\/p>\n<p>Jegliche Haftung f\u00fcr Hilfspersonen wird vollumf\u00e4nglich ausgeschlossen.<\/p>\n<p><strong> 10. Immaterialg\u00fcterrechte<\/strong><\/p>\n<p>S\u00e4mtliche Rechte an den Produkten, Dienstleistungen und allf\u00e4lligen Marken stehen der Firma zu oder sie ist zu deren Benutzung vom Inhaber berechtigt.<\/p>\n<p>Weder diese AGB, noch dazugeh\u00f6rige Individualvereinbarungen haben die \u00dcbertragung etwelcher Immaterialg\u00fcterrechte zum Inhalt, es sei denn, dies werde explizit erw\u00e4hnt.<\/p>\n<p>Zudem ist jegliche Weiterverwendung, Ver\u00f6ffentlichung und das Zug\u00e4nglichmachen von Informationen, Bildern, Texten oder Sonstigem, das der Kunde im Zusammenhang mit diesen Bestimmungen erh\u00e4lt, untersagt, es sei denn, es werde von der Firma explizit genehmigt.<\/p>\n<p>Verwendet der Kunde im Zusammenhang mit der Firma Inhalte, Texte oder bildliches Material, an welchen Dritte ein Schutzrecht haben, hat der Kunde sicherzustellen, dass keine Schutzrechte Dritter verletzt werden.<\/p>\n<p><strong> 11. Datenschutz<\/strong><\/p>\n<p>Die Firma darf die im Rahmen des Vertragsschlusses aufgenommenen Daten zur Erf\u00fcllung der Verpflichtungen aus dem Vertrag verarbeiten und verwenden. Die Firma ergreift Massnahmen, welche zur Sicherung der Daten gem\u00e4ss den gesetzlichen Vorschriften erforderlich sind. Der Kunde erkl\u00e4rt sich mit der Speicherung und vertragsgem\u00e4ssen Verwertung seiner Daten durch die Firma vollumf\u00e4nglich einverstanden und ist sich bewusst, dass die Firma auf Anordnung von Gerichten oder Beh\u00f6rden verpflichtet und berechtigt ist, Informationen vom Kunden diesen oder Dritten bekannt zu geben. Hat der Kunde es nicht ausdr\u00fccklich untersagt, darf die Firma die Daten zu Marketingzwecken verwenden. Die zur Leistungserf\u00fcllung notwendigen Daten k\u00f6nnen auch an beauftrage Dienstleistungspartner oder sonstigen Dritten weitergegeben werden.<\/p>\n<p>Des Weiteren finden die Datenschutzbestimmungen Anwendung.<\/p>\n<p><strong> 12. \u00c4nderungen<\/strong><\/p>\n<p>Diese Allgemeinen Gesch\u00e4ftsbedingungen k\u00f6nnen von der Firma jederzeit ge\u00e4ndert werden.<\/p>\n<p>Die neue Version tritt 30 (dreissig) Tage nach der Mitteilung\u00a0durch die Firma in Kraft.<\/p>\n<p>F\u00fcr die Kunden gilt grunds\u00e4tzlich die Version der AGB, welche zum Zeitpunkt des Vertragsabschlusses in Kraft ist. Es sei denn, der Kunde habe einer neueren Version der AGB zugestimmt.<\/p>\n<p><strong> 13. Priorit\u00e4t<\/strong><\/p>\n<p>Diese AGB gehen allen \u00e4lteren Bestimmungen und Vertr\u00e4gen vor. Lediglich Bestimmungen aus Individualvertr\u00e4gen, welche die Bestimmungen dieser AGB noch spezifizieren, gehen diesen AGB vor.<\/p>\n<p><strong> 14. Salvatorische Klausel<\/strong><\/p>\n<p>Sollte eine Bestimmung dieses Vertrages oder eine Beilage dieses Vertrages ung\u00fcltig sein oder werden, so wird dadurch die Wirksamkeit des Vertrages im \u00dcbrigen nicht ber\u00fchrt. Die Vertragsparteien werden die unwirksame Bestimmung durch eine wirksame Bestimmung ersetzen, die dem gewollten wirtschaftlichen Zweck der ung\u00fcltigen Bestimmung m\u00f6glichst nahe kommt. Dasselbe gilt auch f\u00fcr allf\u00e4llige Vertragsl\u00fccken.<\/p>\n<p><strong> 15. Vertraulichkeit<\/strong><\/p>\n<p>Beide Parteien sowie deren Hilfspersonen verpflichten sich, s\u00e4mtliche Informationen, welche im Zusammenhang mit den Leistungen unterbreitet oder angeeignet wurden, vertraulich zu behandeln. Diese Pflicht bleibt auch nach der Beendigung des Vertrages bestehen.<\/p>\n<p><strong> 16. H\u00f6here Gewalt<\/strong><\/p>\n<p>Wird die fristgerechte Erf\u00fcllung durch die Firma, deren Lieferanten oder beigezogenen Dritten infolge h\u00f6herer Gewalt wie beispielsweise Naturkatastrophen, Erdbeben, Vulkanausbr\u00fcche, Lawinen, Unwetter, Gewitter, St\u00fcrme, Kriege, Unruhen, B\u00fcrgerkriege, Revolutionen und Aufst\u00e4nde, Terrorismus, Sabotage, Streiks, Atomunf\u00e4lle resp. Reaktorsch\u00e4den unm\u00f6glich, so ist die Firma w\u00e4hrend der Dauer der h\u00f6heren Gewalt sowie einer angemessenen Anlaufzeit nach deren Ende von der Erf\u00fcllung der betroffenen Pflichten befreit. Dauert die h\u00f6here Gewalt l\u00e4nger als 30 (dreissig) Tage, kann die Firma vom Vertrag zur\u00fccktreten. Die Firma hat dem Kunden bereits geleistetes Entgelt vollumf\u00e4nglich zur\u00fcck zu erstatten.<\/p>\n<p>Jegliche weiteren Anspr\u00fcche, insbesondere Schadenersatzanspr\u00fcche infolge vis major, sind ausgeschlossen.<\/p>\n<p><strong> 17. Anwendbares Recht \/ Gerichtsstand<\/strong><\/p>\n<p>Diese AGB unterstehen <u>schweizerischem Recht<\/u>. Soweit keine zwingenden gesetzlichen Bestimmungen vorgehen, ist das Gericht am <u>Sitz der Firma<\/u> zust\u00e4ndig. Der Firma steht es frei, am Sitz des Beklagten eine Klage anzuheben. Das \u00dcbereinkommen der Vereinten Nationen \u00fcber Vertr\u00e4ge \u00fcber den internationalen Produktekauf (SR 0.221.211.1) wird explizit <u>ausgeschlossen.<\/u><\/p>\n<\/div><\/section>\n","protected":false},"excerpt":{"rendered":"","protected":false},"author":1,"featured_media":0,"parent":0,"menu_order":0,"comment_status":"closed","ping_status":"closed","template":"","meta":{"_eb_attr":"","footnotes":""},"class_list":["post-14734","page","type-page","status-publish","hentry"],"ams_acf":[],"_links":{"self":[{"href":"https:\/\/swissyarnfestival.ch\/index.php?rest_route=\/wp\/v2\/pages\/14734","targetHints":{"allow":["GET"]}}],"collection":[{"href":"https:\/\/swissyarnfestival.ch\/index.php?rest_route=\/wp\/v2\/pages"}],"about":[{"href":"https:\/\/swissyarnfestival.ch\/index.php?rest_route=\/wp\/v2\/types\/page"}],"author":[{"embeddable":true,"href":"https:\/\/swissyarnfestival.ch\/index.php?rest_route=\/wp\/v2\/users\/1"}],"replies":[{"embeddable":true,"href":"https:\/\/swissyarnfestival.ch\/index.php?rest_route=%2Fwp%2Fv2%2Fcomments&post=14734"}],"version-history":[{"count":2,"href":"https:\/\/swissyarnfestival.ch\/index.php?rest_route=\/wp\/v2\/pages\/14734\/revisions"}],"predecessor-version":[{"id":33650,"href":"https:\/\/swissyarnfestival.ch\/index.php?rest_route=\/wp\/v2\/pages\/14734\/revisions\/33650"}],"wp:attachment":[{"href":"https:\/\/swissyarnfestival.ch\/index.php?rest_route=%2Fwp%2Fv2%2Fmedia&parent=14734"}],"curies":[{"name":"wp","href":"https:\/\/api.w.org\/{rel}","templated":true}]}}